{"id":9787,"date":"2026-02-16T14:43:03","date_gmt":"2026-02-16T12:43:03","guid":{"rendered":"https:\/\/www.swissxpat.ch\/prodotto\/pre-adesao\/"},"modified":"2026-02-18T15:59:05","modified_gmt":"2026-02-18T13:59:05","slug":"pre-adesao","status":"publish","type":"product","link":"https:\/\/www.swissxpat.ch\/pt-pt\/prodotto\/pre-adesao\/","title":{"rendered":"Pr\u00e9-Ades\u00e3o"},"content":{"rendered":"<p data-path-to-node=\"5\">Aten\u00e7\u00e3o!<br \/>\nNote o seguinte:<\/p>\n<ul data-path-to-node=\"6\">\n<li>\n<p data-path-to-node=\"6,0,0\"><b data-path-to-node=\"6,0,0\" data-index-in-node=\"0\">Nenhuma Garantia de Emprego:<\/b> A subscri\u00e7\u00e3o do pacote Pre_Membership n\u00e3o garante de forma alguma a obten\u00e7\u00e3o de um posto de trabalho em empresas terceiras na Su\u00ed\u00e7a ou noutro local.<\/p>\n<\/li>\n<li>\n<p data-path-to-node=\"6,1,0\"><b data-path-to-node=\"6,1,0\" data-index-in-node=\"0\">Rela\u00e7\u00e3o com a SwissXpat:<\/b> A \u201dPre_Membership\u201d n\u00e3o constitui uma promessa de contrata\u00e7\u00e3o, um contrato de est\u00e1gio ou uma colabora\u00e7\u00e3o profissional direta com a SwissXpat.<\/p>\n<\/li>\n<li>\n<p data-path-to-node=\"6,2,0\"><b data-path-to-node=\"6,2,0\" data-index-in-node=\"0\">Responsabilidade do Utilizador:<\/b> O sucesso na procura de emprego depende exclusivamente das compet\u00eancias individuais, dos esfor\u00e7os e pesquisas efetuados pelo candidato, da experi\u00eancia do candidato, das din\u00e2micas do mercado de trabalho e do resultado de eventuais entrevistas de sele\u00e7\u00e3o, fatores sobre os quais a SwissXpat n\u00e3o tem controlo direto.<\/p>\n<\/li>\n<\/ul>\n","protected":false},"excerpt":{"rendered":"<div class=\"elementor-element elementor-element-244d28c elementor-widget elementor-widget-raven-product-short-description\" data-id=\"244d28c\" data-element_type=\"widget\" data-e-type=\"widget\" data-widget_type=\"raven-product-short-description.default\">\n<div class=\"elementor-widget-container\">\n<div class=\"woocommerce-product-details__short-description\">\n<p>A nossa pr\u00e9-ades\u00e3o fornece apoio na procura de emprego na Su\u00ed\u00e7a.<\/p>\n<p>Ap\u00f3s a subscri\u00e7\u00e3o, receber\u00e1 uma liga\u00e7\u00e3o para uma p\u00e1gina onde poder\u00e1 introduzir os seus dados pessoais, que ser\u00e3o utilizados para criar um Curriculum Vitae \u201dsu\u00ed\u00e7o\u201d personalizado, adaptado ao mercado de trabalho su\u00ed\u00e7o e traduzido em 4 l\u00ednguas (italiano, franc\u00eas, alem\u00e3o e ingl\u00eas).<\/p>\n<p>Receber\u00e1 tamb\u00e9m todas as liga\u00e7\u00f5es para se inscrever nas ag\u00eancias de recrutamento mais importantes da Su\u00ed\u00e7a e um guia sobre como faz\u00ea-lo corretamente.<\/p>\n<p>O custo deste servi\u00e7o \u00e9 \u00fanico, sem qualquer renova\u00e7\u00e3o.<br \/>\nO valor ser\u00e1 totalmente descontado no momento da subscri\u00e7\u00e3o de uma ades\u00e3o CLASSIC ou GOLD, quando se mudar fisicamente para a Su\u00ed\u00e7a, e receber\u00e1 ainda um desconto de 10% em todas as eventuais renova\u00e7\u00f5es anuais futuras.<\/p>\n<p>O que inclui a pr\u00e9-ades\u00e3o:<\/p>\n<ul>\n<li>Elabora\u00e7\u00e3o de um CV adaptado ao mercado su\u00ed\u00e7o<\/li>\n<li>Tradu\u00e7\u00e3o do CV para italiano, franc\u00eas, alem\u00e3o e ingl\u00eas<\/li>\n<li>Guia de registo em portais de recrutamento<\/li>\n<li>Reembolso de 100% do custo suportado, mediante a subscri\u00e7\u00e3o de uma ades\u00e3o definitiva CLASSIC ou GOLD<\/li>\n<li>Desconto de 10% nas renova\u00e7\u00f5es a partir do 2.\u00ba ano de uma ades\u00e3o definitiva CLASSIC ou GOLD<\/li>\n<\/ul>\n<p>A subscri\u00e7\u00e3o da pr\u00e9-ades\u00e3o prev\u00ea um pagamento \u00fanico.<\/p>\n<p>Receber\u00e1 a liga\u00e7\u00e3o para o preenchimento dos campos necess\u00e1rios \u00e0 elabora\u00e7\u00e3o do seu CV personalizado no prazo de 48 horas ap\u00f3s a encomenda.<\/p>\n<\/div>\n<\/div>\n<\/div>\n","protected":false},"featured_media":9567,"template":"","meta":{"_acf_changed":false},"product_brand":[],"product_cat":[291],"product_tag":[],"class_list":{"0":"post-9787","1":"product","2":"type-product","3":"status-publish","4":"has-post-thumbnail","6":"product_cat-pre-adesao","8":"first","9":"instock","10":"purchasable","11":"product-type-simple"},"acf":[],"_links":{"self":[{"href":"https:\/\/www.swissxpat.ch\/pt-pt\/wp-json\/wp\/v2\/product\/9787","targetHints":{"allow":["GET"]}}],"collection":[{"href":"https:\/\/www.swissxpat.ch\/pt-pt\/wp-json\/wp\/v2\/product"}],"about":[{"href":"https:\/\/www.swissxpat.ch\/pt-pt\/wp-json\/wp\/v2\/types\/product"}],"wp:featuredmedia":[{"embeddable":true,"href":"https:\/\/www.swissxpat.ch\/pt-pt\/wp-json\/wp\/v2\/media\/9567"}],"wp:attachment":[{"href":"https:\/\/www.swissxpat.ch\/pt-pt\/wp-json\/wp\/v2\/media?parent=9787"}],"wp:term":[{"taxonomy":"product_brand","embeddable":true,"href":"https:\/\/www.swissxpat.ch\/pt-pt\/wp-json\/wp\/v2\/product_brand?post=9787"},{"taxonomy":"product_cat","embeddable":true,"href":"https:\/\/www.swissxpat.ch\/pt-pt\/wp-json\/wp\/v2\/product_cat?post=9787"},{"taxonomy":"product_tag","embeddable":true,"href":"https:\/\/www.swissxpat.ch\/pt-pt\/wp-json\/wp\/v2\/product_tag?post=9787"}],"curies":[{"name":"wp","href":"https:\/\/api.w.org\/{rel}","templated":true}]}}