{"id":3817,"date":"2025-06-06T15:02:31","date_gmt":"2025-06-06T13:02:31","guid":{"rendered":"https:\/\/www.swissxpat.ch\/prodotto\/black-membership\/"},"modified":"2025-09-18T12:41:07","modified_gmt":"2025-09-18T10:41:07","slug":"black-membership","status":"publish","type":"product","link":"https:\/\/www.swissxpat.ch\/pt-pt\/prodotto\/black-membership\/","title":{"rendered":"Black Membership"},"content":{"rendered":"","protected":false},"excerpt":{"rendered":"<p>A nossa membership top, a BLACK, todo o apoio que precisa, para si e toda a sua fam\u00edlia.<\/p>\n<p>Um servi\u00e7o de concierge para todos os aspectos importantes, a vida, a integra\u00e7\u00e3o, as escolas, os eventos, as experiences, tudo com o mais elevado n\u00edvel de precis\u00e3o e apoio.<\/p>\n<p>A SwissXpat tratar\u00e1 de tudo, desde a organiza\u00e7\u00e3o de um fim de semana, at\u00e9 umas f\u00e9rias, uma nova casa, os consultores para a gest\u00e3o do patrim\u00f3nio, os acessos preferenciais \u00e0s melhores escolas do pa\u00eds e muito mais.<\/p>\n<p>A subscri\u00e7\u00e3o tem um pagamento anual gerido a partir da sua \u00e1rea pessoal e pode ser cancelada a qualquer momento para a pr\u00f3xima renova\u00e7\u00e3o.<\/p>\n<p>A Subscri\u00e7\u00e3o fica imediatamente ativa e n\u00e3o \u00e9 poss\u00edvel optar pelo direito de rescis\u00e3o ap\u00f3s a ativa\u00e7\u00e3o da assinatura.<\/p>\n","protected":false},"featured_media":1491,"template":"","meta":{"_acf_changed":false},"product_brand":[],"product_cat":[202,182],"product_tag":[],"class_list":{"0":"post-3817","1":"product","2":"type-product","3":"status-publish","4":"has-post-thumbnail","6":"product_cat-black-pt-pt","7":"product_cat-membership-pt-pt","9":"first","10":"instock","11":"virtual","12":"sold-individually","13":"purchasable","14":"product-type-subscription"},"acf":[],"_links":{"self":[{"href":"https:\/\/www.swissxpat.ch\/pt-pt\/wp-json\/wp\/v2\/product\/3817","targetHints":{"allow":["GET"]}}],"collection":[{"href":"https:\/\/www.swissxpat.ch\/pt-pt\/wp-json\/wp\/v2\/product"}],"about":[{"href":"https:\/\/www.swissxpat.ch\/pt-pt\/wp-json\/wp\/v2\/types\/product"}],"wp:featuredmedia":[{"embeddable":true,"href":"https:\/\/www.swissxpat.ch\/pt-pt\/wp-json\/wp\/v2\/media\/1491"}],"wp:attachment":[{"href":"https:\/\/www.swissxpat.ch\/pt-pt\/wp-json\/wp\/v2\/media?parent=3817"}],"wp:term":[{"taxonomy":"product_brand","embeddable":true,"href":"https:\/\/www.swissxpat.ch\/pt-pt\/wp-json\/wp\/v2\/product_brand?post=3817"},{"taxonomy":"product_cat","embeddable":true,"href":"https:\/\/www.swissxpat.ch\/pt-pt\/wp-json\/wp\/v2\/product_cat?post=3817"},{"taxonomy":"product_tag","embeddable":true,"href":"https:\/\/www.swissxpat.ch\/pt-pt\/wp-json\/wp\/v2\/product_tag?post=3817"}],"curies":[{"name":"wp","href":"https:\/\/api.w.org\/{rel}","templated":true}]}}