{"id":3761,"date":"2025-06-06T14:04:55","date_gmt":"2025-06-06T14:04:55","guid":{"rendered":"https:\/\/www.swissxpat.ch\/prodotto\/classic-membership\/"},"modified":"2026-02-16T14:32:49","modified_gmt":"2026-02-16T12:32:49","slug":"classic-membership","status":"publish","type":"product","link":"https:\/\/www.swissxpat.ch\/pt-pt\/prodotto\/classic-membership\/","title":{"rendered":"Classic Membership"},"content":{"rendered":"<p><strong>Alguns parceiros ativos:<\/strong><\/p>\n<div id='gallery-1' class='gallery galleryid-3761 gallery-columns-9 gallery-size-full'><figure class='gallery-item'>\n\t\t\t<div class='gallery-icon landscape'>\n\t\t\t\t<img fetchpriority=\"high\" decoding=\"async\" width=\"1200\" height=\"675\" src=\"https:\/\/www.swissxpat.ch\/wp-content\/uploads\/2025\/06\/ubs-logo-swissxpat.png\" class=\"attachment-full size-full\" alt=\"\" srcset=\"https:\/\/www.swissxpat.ch\/wp-content\/uploads\/2025\/06\/ubs-logo-swissxpat.png 1200w, https:\/\/www.swissxpat.ch\/wp-content\/uploads\/2025\/06\/ubs-logo-swissxpat-300x169.png 300w, https:\/\/www.swissxpat.ch\/wp-content\/uploads\/2025\/06\/ubs-logo-swissxpat-1024x576.png 1024w, https:\/\/www.swissxpat.ch\/wp-content\/uploads\/2025\/06\/ubs-logo-swissxpat-768x432.png 768w, https:\/\/www.swissxpat.ch\/wp-content\/uploads\/2025\/06\/ubs-logo-swissxpat-600x338.png 600w\" sizes=\"(max-width: 1200px) 100vw, 1200px\" \/>\n\t\t\t<\/div><\/figure><figure class='gallery-item'>\n\t\t\t<div class='gallery-icon landscape'>\n\t\t\t\t<img decoding=\"async\" width=\"1280\" height=\"803\" src=\"https:\/\/www.swissxpat.ch\/wp-content\/uploads\/2025\/06\/zurich-swissxpat-logo.png\" class=\"attachment-full size-full\" alt=\"\" srcset=\"https:\/\/www.swissxpat.ch\/wp-content\/uploads\/2025\/06\/zurich-swissxpat-logo.png 1280w, https:\/\/www.swissxpat.ch\/wp-content\/uploads\/2025\/06\/zurich-swissxpat-logo-300x188.png 300w, https:\/\/www.swissxpat.ch\/wp-content\/uploads\/2025\/06\/zurich-swissxpat-logo-1024x642.png 1024w, https:\/\/www.swissxpat.ch\/wp-content\/uploads\/2025\/06\/zurich-swissxpat-logo-768x482.png 768w, https:\/\/www.swissxpat.ch\/wp-content\/uploads\/2025\/06\/zurich-swissxpat-logo-600x376.png 600w\" sizes=\"(max-width: 1280px) 100vw, 1280px\" \/>\n\t\t\t<\/div><\/figure><figure class='gallery-item'>\n\t\t\t<div class='gallery-icon landscape'>\n\t\t\t\t<img decoding=\"async\" width=\"1280\" height=\"449\" src=\"https:\/\/www.swissxpat.ch\/wp-content\/uploads\/2025\/06\/Genesis_division_emblem.svg.png\" class=\"attachment-full size-full\" alt=\"\" srcset=\"https:\/\/www.swissxpat.ch\/wp-content\/uploads\/2025\/06\/Genesis_division_emblem.svg.png 1280w, https:\/\/www.swissxpat.ch\/wp-content\/uploads\/2025\/06\/Genesis_division_emblem.svg-300x105.png 300w, https:\/\/www.swissxpat.ch\/wp-content\/uploads\/2025\/06\/Genesis_division_emblem.svg-1024x359.png 1024w, https:\/\/www.swissxpat.ch\/wp-content\/uploads\/2025\/06\/Genesis_division_emblem.svg-768x269.png 768w, https:\/\/www.swissxpat.ch\/wp-content\/uploads\/2025\/06\/Genesis_division_emblem.svg-600x210.png 600w\" sizes=\"(max-width: 1280px) 100vw, 1280px\" \/>\n\t\t\t<\/div><\/figure><figure class='gallery-item'>\n\t\t\t<div class='gallery-icon landscape'>\n\t\t\t\t<img loading=\"lazy\" decoding=\"async\" width=\"546\" height=\"390\" src=\"https:\/\/www.swissxpat.ch\/wp-content\/uploads\/2025\/06\/ds-swissxpat-logo.jpeg\" class=\"attachment-full size-full\" alt=\"\" srcset=\"https:\/\/www.swissxpat.ch\/wp-content\/uploads\/2025\/06\/ds-swissxpat-logo.jpeg 546w, https:\/\/www.swissxpat.ch\/wp-content\/uploads\/2025\/06\/ds-swissxpat-logo-300x214.jpeg 300w\" sizes=\"(max-width: 546px) 100vw, 546px\" \/>\n\t\t\t<\/div><\/figure><figure class='gallery-item'>\n\t\t\t<div class='gallery-icon landscape'>\n\t\t\t\t<img loading=\"lazy\" decoding=\"async\" width=\"447\" height=\"395\" src=\"https:\/\/www.swissxpat.ch\/wp-content\/uploads\/2025\/06\/opel-swissxpat-logo.jpeg\" class=\"attachment-full size-full\" alt=\"\" srcset=\"https:\/\/www.swissxpat.ch\/wp-content\/uploads\/2025\/06\/opel-swissxpat-logo.jpeg 447w, https:\/\/www.swissxpat.ch\/wp-content\/uploads\/2025\/06\/opel-swissxpat-logo-300x265.jpeg 300w\" sizes=\"(max-width: 447px) 100vw, 447px\" \/>\n\t\t\t<\/div><\/figure><figure class='gallery-item'>\n\t\t\t<div class='gallery-icon landscape'>\n\t\t\t\t<img loading=\"lazy\" decoding=\"async\" width=\"393\" height=\"379\" src=\"https:\/\/www.swissxpat.ch\/wp-content\/uploads\/2025\/06\/peugeot-swissxpat-logo.jpeg\" class=\"attachment-full size-full\" alt=\"\" srcset=\"https:\/\/www.swissxpat.ch\/wp-content\/uploads\/2025\/06\/peugeot-swissxpat-logo.jpeg 393w, https:\/\/www.swissxpat.ch\/wp-content\/uploads\/2025\/06\/peugeot-swissxpat-logo-300x289.jpeg 300w\" sizes=\"(max-width: 393px) 100vw, 393px\" \/>\n\t\t\t<\/div><\/figure><figure class='gallery-item'>\n\t\t\t<div class='gallery-icon portrait'>\n\t\t\t\t<img loading=\"lazy\" decoding=\"async\" width=\"367\" height=\"369\" src=\"https:\/\/www.swissxpat.ch\/wp-content\/uploads\/2025\/06\/citroen-swissxpat-logo.jpeg\" class=\"attachment-full size-full\" alt=\"\" srcset=\"https:\/\/www.swissxpat.ch\/wp-content\/uploads\/2025\/06\/citroen-swissxpat-logo.jpeg 367w, https:\/\/www.swissxpat.ch\/wp-content\/uploads\/2025\/06\/citroen-swissxpat-logo-298x300.jpeg 298w, https:\/\/www.swissxpat.ch\/wp-content\/uploads\/2025\/06\/citroen-swissxpat-logo-150x150.jpeg 150w, https:\/\/www.swissxpat.ch\/wp-content\/uploads\/2025\/06\/citroen-swissxpat-logo-100x100.jpeg 100w\" sizes=\"(max-width: 367px) 100vw, 367px\" \/>\n\t\t\t<\/div><\/figure><figure class='gallery-item'>\n\t\t\t<div class='gallery-icon landscape'>\n\t\t\t\t<img loading=\"lazy\" decoding=\"async\" width=\"640\" height=\"524\" src=\"https:\/\/www.swissxpat.ch\/wp-content\/uploads\/2025\/06\/nh-swissxpat-logo.png\" class=\"attachment-full size-full\" alt=\"\" srcset=\"https:\/\/www.swissxpat.ch\/wp-content\/uploads\/2025\/06\/nh-swissxpat-logo.png 640w, https:\/\/www.swissxpat.ch\/wp-content\/uploads\/2025\/06\/nh-swissxpat-logo-300x246.png 300w, https:\/\/www.swissxpat.ch\/wp-content\/uploads\/2025\/06\/nh-swissxpat-logo-600x491.png 600w\" sizes=\"(max-width: 640px) 100vw, 640px\" \/>\n\t\t\t<\/div><\/figure><figure class='gallery-item'>\n\t\t\t<div class='gallery-icon landscape'>\n\t\t\t\t<img loading=\"lazy\" decoding=\"async\" width=\"2560\" height=\"1517\" src=\"https:\/\/www.swissxpat.ch\/wp-content\/uploads\/2025\/06\/riu-swissxpat-logo.png\" class=\"attachment-full size-full\" alt=\"\" srcset=\"https:\/\/www.swissxpat.ch\/wp-content\/uploads\/2025\/06\/riu-swissxpat-logo.png 2560w, https:\/\/www.swissxpat.ch\/wp-content\/uploads\/2025\/06\/riu-swissxpat-logo-300x178.png 300w, https:\/\/www.swissxpat.ch\/wp-content\/uploads\/2025\/06\/riu-swissxpat-logo-1024x607.png 1024w, https:\/\/www.swissxpat.ch\/wp-content\/uploads\/2025\/06\/riu-swissxpat-logo-768x455.png 768w, https:\/\/www.swissxpat.ch\/wp-content\/uploads\/2025\/06\/riu-swissxpat-logo-1536x910.png 1536w, https:\/\/www.swissxpat.ch\/wp-content\/uploads\/2025\/06\/riu-swissxpat-logo-2048x1214.png 2048w, https:\/\/www.swissxpat.ch\/wp-content\/uploads\/2025\/06\/riu-swissxpat-logo-600x356.png 600w\" sizes=\"(max-width: 2560px) 100vw, 2560px\" \/>\n\t\t\t<\/div><\/figure><figure class='gallery-item'>\n\t\t\t<div class='gallery-icon landscape'>\n\t\t\t\t<img loading=\"lazy\" decoding=\"async\" width=\"603\" height=\"187\" src=\"https:\/\/www.swissxpat.ch\/wp-content\/uploads\/2025\/06\/gardaland-swissxpat-logo.jpg\" class=\"attachment-full size-full\" alt=\"\" srcset=\"https:\/\/www.swissxpat.ch\/wp-content\/uploads\/2025\/06\/gardaland-swissxpat-logo.jpg 603w, https:\/\/www.swissxpat.ch\/wp-content\/uploads\/2025\/06\/gardaland-swissxpat-logo-300x93.jpg 300w, https:\/\/www.swissxpat.ch\/wp-content\/uploads\/2025\/06\/gardaland-swissxpat-logo-600x186.jpg 600w\" sizes=\"(max-width: 603px) 100vw, 603px\" \/>\n\t\t\t<\/div><\/figure><figure class='gallery-item'>\n\t\t\t<div class='gallery-icon landscape'>\n\t\t\t\t<img loading=\"lazy\" decoding=\"async\" width=\"500\" height=\"500\" src=\"https:\/\/www.swissxpat.ch\/wp-content\/uploads\/2025\/06\/grimaldilines-swissxpat-logo.jpg\" class=\"attachment-full size-full\" alt=\"\" srcset=\"https:\/\/www.swissxpat.ch\/wp-content\/uploads\/2025\/06\/grimaldilines-swissxpat-logo.jpg 500w, https:\/\/www.swissxpat.ch\/wp-content\/uploads\/2025\/06\/grimaldilines-swissxpat-logo-300x300.jpg 300w, https:\/\/www.swissxpat.ch\/wp-content\/uploads\/2025\/06\/grimaldilines-swissxpat-logo-150x150.jpg 150w, https:\/\/www.swissxpat.ch\/wp-content\/uploads\/2025\/06\/grimaldilines-swissxpat-logo-100x100.jpg 100w\" sizes=\"(max-width: 500px) 100vw, 500px\" \/>\n\t\t\t<\/div><\/figure><figure class='gallery-item'>\n\t\t\t<div class='gallery-icon landscape'>\n\t\t\t\t<img loading=\"lazy\" decoding=\"async\" width=\"400\" height=\"186\" src=\"https:\/\/www.swissxpat.ch\/wp-content\/uploads\/2025\/06\/globesailor-swissxpat-logo.png\" class=\"attachment-full size-full\" alt=\"\" srcset=\"https:\/\/www.swissxpat.ch\/wp-content\/uploads\/2025\/06\/globesailor-swissxpat-logo.png 400w, https:\/\/www.swissxpat.ch\/wp-content\/uploads\/2025\/06\/globesailor-swissxpat-logo-300x140.png 300w\" sizes=\"(max-width: 400px) 100vw, 400px\" \/>\n\t\t\t<\/div><\/figure><figure class='gallery-item'>\n\t\t\t<div class='gallery-icon landscape'>\n\t\t\t\t<img loading=\"lazy\" decoding=\"async\" width=\"1181\" height=\"909\" src=\"https:\/\/www.swissxpat.ch\/wp-content\/uploads\/2025\/06\/Splash_SPA-swissxpat-logo.jpg\" class=\"attachment-full size-full\" alt=\"\" srcset=\"https:\/\/www.swissxpat.ch\/wp-content\/uploads\/2025\/06\/Splash_SPA-swissxpat-logo.jpg 1181w, https:\/\/www.swissxpat.ch\/wp-content\/uploads\/2025\/06\/Splash_SPA-swissxpat-logo-300x231.jpg 300w, https:\/\/www.swissxpat.ch\/wp-content\/uploads\/2025\/06\/Splash_SPA-swissxpat-logo-1024x788.jpg 1024w, https:\/\/www.swissxpat.ch\/wp-content\/uploads\/2025\/06\/Splash_SPA-swissxpat-logo-768x591.jpg 768w, https:\/\/www.swissxpat.ch\/wp-content\/uploads\/2025\/06\/Splash_SPA-swissxpat-logo-600x462.jpg 600w\" sizes=\"(max-width: 1181px) 100vw, 1181px\" \/>\n\t\t\t<\/div><\/figure>\n\t\t<\/div>\n\n<p>&nbsp;<\/p>\n","protected":false},"excerpt":{"rendered":"<p>A nossa Classic membership, todo o apoio de que precisa, incluindo todos os benef\u00edcios e vantagens relacionados para poder poupar desde j\u00e1 e para sempre.<\/p>\n<p>Inclui:<\/p>\n<ul>\n<li>Todos os guias para poder efetuar a sua mudan\u00e7a para a Su\u00ed\u00e7a<\/li>\n<li>Todos os endere\u00e7os \u00fateis e liga\u00e7\u00f5es para os formul\u00e1rios necess\u00e1rios<\/li>\n<li>Todos os descontos em seguros, caixa de sa\u00fade, conta banc\u00e1ria, cart\u00f5es de cr\u00e9dito, etc&#8230;<\/li>\n<li>Descontos para viagens, hot\u00e9is, turismo, parques tem\u00e1ticos<\/li>\n<li>Descontos para autom\u00f3veis, motos, n\u00e1utica Classic<\/li>\n<li>Agenda de eventos e experi\u00eancias<\/li>\n<\/ul>\n<p>A subscri\u00e7\u00e3o tem um pagamento anual gerido a partir da sua \u00e1rea pessoal e pode ser cancelada a qualquer momento para a pr\u00f3xima renova\u00e7\u00e3o.<\/p>\n<p>A Subscri\u00e7\u00e3o fica imediatamente ativa e n\u00e3o \u00e9 poss\u00edvel optar pelo direito de rescis\u00e3o ap\u00f3s a ativa\u00e7\u00e3o da assinatura.<\/p>\n","protected":false},"featured_media":1498,"template":"","meta":{"_acf_changed":false},"product_brand":[],"product_cat":[208,182],"product_tag":[],"class_list":{"0":"post-3761","1":"product","2":"type-product","3":"status-publish","4":"has-post-thumbnail","6":"product_cat-classic-pt-pt","7":"product_cat-membership-pt-pt","9":"first","10":"instock","11":"virtual","12":"sold-individually","13":"purchasable","14":"product-type-subscription"},"acf":[],"_links":{"self":[{"href":"https:\/\/www.swissxpat.ch\/pt-pt\/wp-json\/wp\/v2\/product\/3761","targetHints":{"allow":["GET"]}}],"collection":[{"href":"https:\/\/www.swissxpat.ch\/pt-pt\/wp-json\/wp\/v2\/product"}],"about":[{"href":"https:\/\/www.swissxpat.ch\/pt-pt\/wp-json\/wp\/v2\/types\/product"}],"wp:featuredmedia":[{"embeddable":true,"href":"https:\/\/www.swissxpat.ch\/pt-pt\/wp-json\/wp\/v2\/media\/1498"}],"wp:attachment":[{"href":"https:\/\/www.swissxpat.ch\/pt-pt\/wp-json\/wp\/v2\/media?parent=3761"}],"wp:term":[{"taxonomy":"product_brand","embeddable":true,"href":"https:\/\/www.swissxpat.ch\/pt-pt\/wp-json\/wp\/v2\/product_brand?post=3761"},{"taxonomy":"product_cat","embeddable":true,"href":"https:\/\/www.swissxpat.ch\/pt-pt\/wp-json\/wp\/v2\/product_cat?post=3761"},{"taxonomy":"product_tag","embeddable":true,"href":"https:\/\/www.swissxpat.ch\/pt-pt\/wp-json\/wp\/v2\/product_tag?post=3761"}],"curies":[{"name":"wp","href":"https:\/\/api.w.org\/{rel}","templated":true}]}}