{"id":9785,"date":"2026-02-16T14:43:03","date_gmt":"2026-02-16T12:43:03","guid":{"rendered":"https:\/\/www.swissxpat.ch\/prodotto\/pre_membership\/"},"modified":"2026-02-18T16:04:52","modified_gmt":"2026-02-18T14:04:52","slug":"pre-membership","status":"publish","type":"product","link":"https:\/\/www.swissxpat.ch\/fr\/prodotto\/pre-membership\/","title":{"rendered":"Pre-Membership"},"content":{"rendered":"<p data-path-to-node=\"5\">Attention !<br \/>\nVeuillez noter ce qui suit :<\/p>\n<ul data-path-to-node=\"6\">\n<li>\n<p data-path-to-node=\"6,0,0\"><b data-path-to-node=\"6,0,0\" data-index-in-node=\"0\">Aucune garantie d\u2019emploi :<\/b> La souscription au forfait Pre_Membership ne garantit en aucun cas l\u2019obtention d\u2019un emploi aupr\u00e8s d\u2019entreprises tierces en Suisse ou ailleurs.<\/p>\n<\/li>\n<li>\n<p data-path-to-node=\"6,1,0\"><b data-path-to-node=\"6,1,0\" data-index-in-node=\"0\">Relation avec SwissXpat :<\/b> La \u00ab Pre_Membership \u00bb ne constitue pas une promesse d\u2019embauche, un contrat de stage ou une collaboration professionnelle directe avec SwissXpat.<\/p>\n<\/li>\n<li>\n<p data-path-to-node=\"6,2,0\"><b data-path-to-node=\"6,2,0\" data-index-in-node=\"0\">Responsabilit\u00e9 de l\u2019utilisateur :<\/b> Le succ\u00e8s de la recherche d\u2019emploi d\u00e9pend exclusivement des comp\u00e9tences individuelles, des efforts et des recherches effectu\u00e9s par le candidat, de son exp\u00e9rience, de la dynamique du march\u00e9 du travail et de l\u2019issue d\u2019\u00e9ventuels entretiens de s\u00e9lection, facteurs sur lesquels SwissXpat n\u2019exerce aucun contr\u00f4le direct.<\/p>\n<\/li>\n<\/ul>\n","protected":false},"excerpt":{"rendered":"<div class=\"elementor-element elementor-element-244d28c elementor-widget elementor-widget-raven-product-short-description\" data-id=\"244d28c\" data-element_type=\"widget\" data-e-type=\"widget\" data-widget_type=\"raven-product-short-description.default\">\n<div class=\"elementor-widget-container\">\n<div class=\"woocommerce-product-details__short-description\">\n<p>Notre pre_membership offre un soutien \u00e0 la recherche d\u2019un emploi en Suisse.<\/p>\n<p>Apr\u00e8s la souscription, vous recevrez un lien vers une page o\u00f9 saisir vos donn\u00e9es personnelles qui seront utilis\u00e9es pour cr\u00e9er un Curriculum Vitae \u00ab suisse \u00bb personnalis\u00e9, adapt\u00e9 au march\u00e9 du travail suisse et traduit en 4 langues (italien, fran\u00e7ais, allemand et anglais).<\/p>\n<p>Vous recevrez \u00e9galement tous les liens pour vous inscrire aupr\u00e8s des plus importantes agences de recrutement en Suisse, ainsi qu\u2019un guide pour le faire correctement.<\/p>\n<p>Le co\u00fbt de ce service est unique, sans aucun renouvellement.<br \/>\nLe montant sera ensuite int\u00e9gralement d\u00e9duit lors de la souscription d\u2019une adh\u00e9sion CLASSIC ou GOLD, au moment de votre installation physique en Suisse ; vous b\u00e9n\u00e9ficierez \u00e9galement d\u2019une remise de 10 % sur tous les \u00e9ventuels futurs renouvellements annuels.<\/p>\n<p>Ce que comprend la pre_membership :<\/p>\n<ul>\n<li>R\u00e9daction d\u2019un CV adapt\u00e9 au march\u00e9 suisse<\/li>\n<li>Traduction du CV en italien, fran\u00e7ais, allemand et anglais<\/li>\n<li>Guide d\u2019inscription aux portails de recrutement<\/li>\n<li>Remboursement de 100 % des frais engag\u00e9s lors de la souscription d\u2019une adh\u00e9sion d\u00e9finitive CLASSIC ou GOLD<\/li>\n<li>Remise de 10 % sur les renouvellements \u00e0 partir de la 2e ann\u00e9e pour une adh\u00e9sion d\u00e9finitive CLASSIC ou GOLD<\/li>\n<\/ul>\n<p>La souscription \u00e0 la pre-membership pr\u00e9voit un paiement unique.<\/p>\n<p>Vous recevrez le lien pour remplir les champs n\u00e9cessaires \u00e0 la r\u00e9daction de votre CV personnalis\u00e9 dans les 48 heures suivant la commande.<\/p>\n<\/div>\n<\/div>\n<\/div>\n","protected":false},"featured_media":9566,"template":"","meta":{"_acf_changed":false},"product_brand":[],"product_cat":[289],"product_tag":[],"class_list":{"0":"post-9785","1":"product","2":"type-product","3":"status-publish","4":"has-post-thumbnail","6":"product_cat-pre-membership","8":"first","9":"instock","10":"purchasable","11":"product-type-simple"},"acf":[],"_links":{"self":[{"href":"https:\/\/www.swissxpat.ch\/fr\/wp-json\/wp\/v2\/product\/9785","targetHints":{"allow":["GET"]}}],"collection":[{"href":"https:\/\/www.swissxpat.ch\/fr\/wp-json\/wp\/v2\/product"}],"about":[{"href":"https:\/\/www.swissxpat.ch\/fr\/wp-json\/wp\/v2\/types\/product"}],"wp:featuredmedia":[{"embeddable":true,"href":"https:\/\/www.swissxpat.ch\/fr\/wp-json\/wp\/v2\/media\/9566"}],"wp:attachment":[{"href":"https:\/\/www.swissxpat.ch\/fr\/wp-json\/wp\/v2\/media?parent=9785"}],"wp:term":[{"taxonomy":"product_brand","embeddable":true,"href":"https:\/\/www.swissxpat.ch\/fr\/wp-json\/wp\/v2\/product_brand?post=9785"},{"taxonomy":"product_cat","embeddable":true,"href":"https:\/\/www.swissxpat.ch\/fr\/wp-json\/wp\/v2\/product_cat?post=9785"},{"taxonomy":"product_tag","embeddable":true,"href":"https:\/\/www.swissxpat.ch\/fr\/wp-json\/wp\/v2\/product_tag?post=9785"}],"curies":[{"name":"wp","href":"https:\/\/api.w.org\/{rel}","templated":true}]}}