{"id":9788,"date":"2026-02-16T14:43:03","date_gmt":"2026-02-16T12:43:03","guid":{"rendered":"https:\/\/www.swissxpat.ch\/prodotto\/pre_membership\/"},"modified":"2026-02-18T16:07:23","modified_gmt":"2026-02-18T14:07:23","slug":"pre-membership","status":"publish","type":"product","link":"https:\/\/www.swissxpat.ch\/es\/prodotto\/pre-membership\/","title":{"rendered":"Pre-Membership"},"content":{"rendered":"<p data-path-to-node=\"5\">\u00a1Atenci\u00f3n!<br \/>\nSe precisa lo siguiente:<\/p>\n<ul data-path-to-node=\"6\">\n<li>\n<p data-path-to-node=\"6,0,0\"><b data-path-to-node=\"6,0,0\" data-index-in-node=\"0\">Sin garant\u00eda de empleo:<\/b> La suscripci\u00f3n del paquete Pre_Membership no garantiza en modo alguno la obtenci\u00f3n de un puesto de trabajo en empresas terceras en Suiza o en cualquier otro lugar.<\/p>\n<\/li>\n<li>\n<p data-path-to-node=\"6,1,0\"><b data-path-to-node=\"6,1,0\" data-index-in-node=\"0\">Relaci\u00f3n con SwissXpat:<\/b> La \u00abPre_Membership\u00bb no constituye una promesa de contrataci\u00f3n, un contrato de pr\u00e1cticas o una colaboraci\u00f3n profesional directa con SwissXpat.<\/p>\n<\/li>\n<li>\n<p data-path-to-node=\"6,2,0\"><b data-path-to-node=\"6,2,0\" data-index-in-node=\"0\">Responsabilidad del usuario:<\/b> El \u00e9xito en la b\u00fasqueda de empleo depende exclusivamente de las competencias individuales, de los esfuerzos y b\u00fasquedas realizados por el candidato, de su experiencia, de las din\u00e1micas del mercado laboral y del resultado de las posibles entrevistas de selecci\u00f3n, factores sobre los cuales SwissXpat no tiene control directo.<\/p>\n<\/li>\n<\/ul>\n","protected":false},"excerpt":{"rendered":"<div class=\"elementor-element elementor-element-244d28c elementor-widget elementor-widget-raven-product-short-description\" data-id=\"244d28c\" data-element_type=\"widget\" data-e-type=\"widget\" data-widget_type=\"raven-product-short-description.default\">\n<div class=\"elementor-widget-container\">\n<div class=\"woocommerce-product-details__short-description\">\n<p>Nuestra pre-membres\u00eda le ofrece apoyo en la b\u00fasqueda de empleo en Suiza.<\/p>\n<p>Tras la suscripci\u00f3n, recibir\u00e1 un enlace a una p\u00e1gina donde introducir sus datos personales para crear un Curriculum Vitae \u00absuizo\u00bb personalizado, adaptado al mercado laboral helv\u00e9tico y traducido a 4 idiomas (italiano, franc\u00e9s, alem\u00e1n e ingl\u00e9s).<\/p>\n<p>Recibir\u00e1 adem\u00e1s todos los enlaces para inscribirse en las agencias de contrataci\u00f3n m\u00e1s importantes de Suiza y una gu\u00eda sobre c\u00f3mo hacerlo correctamente.<\/p>\n<p>El coste de este servicio es de pago \u00fanico, sin renovaciones.<br \/>\nEl importe se descontar\u00e1 \u00edntegramente al suscribirse a una membres\u00eda CLASSIC o GOLD cuando se traslade f\u00edsicamente a Suiza; adem\u00e1s, recibir\u00e1 un 10 % de descuento en todas las posibles renovaciones anuales futuras.<\/p>\n<p>Qu\u00e9 incluye la pre-membres\u00eda:<\/p>\n<ul>\n<li>Redacci\u00f3n de un CV adaptado al mercado suizo<\/li>\n<li>Traducci\u00f3n del CV al italiano, franc\u00e9s, alem\u00e1n e ingl\u00e9s<\/li>\n<li>Gu\u00eda de registro en portales de empleo<\/li>\n<li>Reembolso del 100 % del coste abonado al suscribirse a una membres\u00eda definitiva CLASSIC o GOLD.<\/li>\n<li>Descuento del 10 % en las renovaciones a partir del 2.\u00ba a\u00f1o de una membres\u00eda definitiva CLASSIC o GOLD<\/li>\n<\/ul>\n<p>La suscripci\u00f3n de la pre-membres\u00eda conlleva un pago \u00fanico.<\/p>\n<p>Recibir\u00e1 el enlace para completar los campos necesarios para la redacci\u00f3n de su CV personalizado en un plazo de 48 horas tras el pedido.<\/p>\n<\/div>\n<\/div>\n<\/div>\n","protected":false},"featured_media":9565,"template":"","meta":{"_acf_changed":false},"product_brand":[],"product_cat":[292],"product_tag":[],"class_list":{"0":"post-9788","1":"product","2":"type-product","3":"status-publish","4":"has-post-thumbnail","6":"product_cat-pre-membership","8":"first","9":"instock","10":"purchasable","11":"product-type-simple"},"acf":[],"_links":{"self":[{"href":"https:\/\/www.swissxpat.ch\/es\/wp-json\/wp\/v2\/product\/9788","targetHints":{"allow":["GET"]}}],"collection":[{"href":"https:\/\/www.swissxpat.ch\/es\/wp-json\/wp\/v2\/product"}],"about":[{"href":"https:\/\/www.swissxpat.ch\/es\/wp-json\/wp\/v2\/types\/product"}],"wp:featuredmedia":[{"embeddable":true,"href":"https:\/\/www.swissxpat.ch\/es\/wp-json\/wp\/v2\/media\/9565"}],"wp:attachment":[{"href":"https:\/\/www.swissxpat.ch\/es\/wp-json\/wp\/v2\/media?parent=9788"}],"wp:term":[{"taxonomy":"product_brand","embeddable":true,"href":"https:\/\/www.swissxpat.ch\/es\/wp-json\/wp\/v2\/product_brand?post=9788"},{"taxonomy":"product_cat","embeddable":true,"href":"https:\/\/www.swissxpat.ch\/es\/wp-json\/wp\/v2\/product_cat?post=9788"},{"taxonomy":"product_tag","embeddable":true,"href":"https:\/\/www.swissxpat.ch\/es\/wp-json\/wp\/v2\/product_tag?post=9788"}],"curies":[{"name":"wp","href":"https:\/\/api.w.org\/{rel}","templated":true}]}}