{"id":3810,"date":"2025-06-06T15:02:31","date_gmt":"2025-06-06T13:02:31","guid":{"rendered":"https:\/\/www.swissxpat.ch\/prodotto\/membresia-black\/"},"modified":"2025-09-18T12:41:19","modified_gmt":"2025-09-18T10:41:19","slug":"membresia-black","status":"publish","type":"product","link":"https:\/\/www.swissxpat.ch\/es\/prodotto\/membresia-black\/","title":{"rendered":"Membres\u00eda Black"},"content":{"rendered":"","protected":false},"excerpt":{"rendered":"<p>Nuestra membres\u00eda superior, la BLACK, te ofrece todo el apoyo que necesitas, para ti y toda tu familia.<\/p>\n<p>Un servicio de conserjer\u00eda para cada aspecto importante: la vida, la integraci\u00f3n, las escuelas, los eventos, las experiencias, todo con el m\u00e1ximo nivel de precisi\u00f3n y apoyo.<\/p>\n<p>SwissXpat se encargar\u00e1 de todo, desde la organizaci\u00f3n de un fin de semana, unas vacaciones, una nueva casa, los asesores para la gesti\u00f3n del patrimonio, el acceso preferencial a las mejores escuelas del pa\u00eds y mucho m\u00e1s.<\/p>\n<p>La suscripci\u00f3n tiene un pago anual que se puede gestionar desde el \u00e1rea personal y se puede cancelar en cualquier momento para la siguiente renovaci\u00f3n.<\/p>\n<p>La membres\u00eda se activa inmediatamente y no es posible optar por el derecho de desistimiento una vez que la suscripci\u00f3n est\u00e1 activada.<\/p>\n","protected":false},"featured_media":1493,"template":"","meta":{"_acf_changed":false},"product_brand":[],"product_cat":[204,187],"product_tag":[],"class_list":{"0":"post-3810","1":"product","2":"type-product","3":"status-publish","4":"has-post-thumbnail","6":"product_cat-black-es","7":"product_cat-membresia","9":"first","10":"instock","11":"virtual","12":"sold-individually","13":"purchasable","14":"product-type-subscription"},"acf":[],"_links":{"self":[{"href":"https:\/\/www.swissxpat.ch\/es\/wp-json\/wp\/v2\/product\/3810","targetHints":{"allow":["GET"]}}],"collection":[{"href":"https:\/\/www.swissxpat.ch\/es\/wp-json\/wp\/v2\/product"}],"about":[{"href":"https:\/\/www.swissxpat.ch\/es\/wp-json\/wp\/v2\/types\/product"}],"wp:featuredmedia":[{"embeddable":true,"href":"https:\/\/www.swissxpat.ch\/es\/wp-json\/wp\/v2\/media\/1493"}],"wp:attachment":[{"href":"https:\/\/www.swissxpat.ch\/es\/wp-json\/wp\/v2\/media?parent=3810"}],"wp:term":[{"taxonomy":"product_brand","embeddable":true,"href":"https:\/\/www.swissxpat.ch\/es\/wp-json\/wp\/v2\/product_brand?post=3810"},{"taxonomy":"product_cat","embeddable":true,"href":"https:\/\/www.swissxpat.ch\/es\/wp-json\/wp\/v2\/product_cat?post=3810"},{"taxonomy":"product_tag","embeddable":true,"href":"https:\/\/www.swissxpat.ch\/es\/wp-json\/wp\/v2\/product_tag?post=3810"}],"curies":[{"name":"wp","href":"https:\/\/api.w.org\/{rel}","templated":true}]}}