{"id":3816,"date":"2025-06-06T15:02:31","date_gmt":"2025-06-06T13:02:31","guid":{"rendered":"https:\/\/www.swissxpat.ch\/prodotto\/black-membership\/"},"modified":"2025-09-18T12:41:10","modified_gmt":"2025-09-18T10:41:10","slug":"black-membership","status":"publish","type":"product","link":"https:\/\/www.swissxpat.ch\/de\/prodotto\/black-membership\/","title":{"rendered":"Black Membership"},"content":{"rendered":"","protected":false},"excerpt":{"rendered":"<p>Unsere Top-Mitgliedschaft BLACK bietet Ihnen und Ihrer ganzen Familie die umfassende Unterst\u00fctzung, die Sie ben\u00f6tigen.<\/p>\n<p>Ein Concierge-Service f\u00fcr jeden wichtigen Aspekt: Leben, Integration, Schulen, Veranstaltungen, Erlebnisse &#8211; alles auf h\u00f6chstem Niveau an Genauigkeit und Unterst\u00fctzung.<\/p>\n<p>SwissXpat k\u00fcmmert sich um alles, von der Organisation eines Wochenendes \u00fcber einen Urlaub, ein neues Zuhause, Berater f\u00fcr die Verm\u00f6gensverwaltung, bevorzugten Zugang zu den besten Schulen des Landes und vieles mehr.<\/p>\n<p>Das Abonnement wird j\u00e4hrlich bezahlt und kann \u00fcber Ihren pers\u00f6nlichen Bereich verwaltet werden. Es kann jederzeit f\u00fcr die n\u00e4chste Erneuerung gek\u00fcndigt werden.<\/p>\n<p>Die Mitgliedschaft ist sofort aktiv, und es ist nicht m\u00f6glich, vom Widerrufsrecht Gebrauch zu machen, nachdem das Abonnement aktiviert wurde.<\/p>\n","protected":false},"featured_media":1490,"template":"","meta":{"_acf_changed":false},"product_brand":[],"product_cat":[201,186],"product_tag":[],"class_list":{"0":"post-3816","1":"product","2":"type-product","3":"status-publish","4":"has-post-thumbnail","6":"product_cat-black-de","7":"product_cat-mitgliedschaft","9":"first","10":"instock","11":"virtual","12":"sold-individually","13":"purchasable","14":"product-type-subscription"},"acf":[],"_links":{"self":[{"href":"https:\/\/www.swissxpat.ch\/de\/wp-json\/wp\/v2\/product\/3816","targetHints":{"allow":["GET"]}}],"collection":[{"href":"https:\/\/www.swissxpat.ch\/de\/wp-json\/wp\/v2\/product"}],"about":[{"href":"https:\/\/www.swissxpat.ch\/de\/wp-json\/wp\/v2\/types\/product"}],"wp:featuredmedia":[{"embeddable":true,"href":"https:\/\/www.swissxpat.ch\/de\/wp-json\/wp\/v2\/media\/1490"}],"wp:attachment":[{"href":"https:\/\/www.swissxpat.ch\/de\/wp-json\/wp\/v2\/media?parent=3816"}],"wp:term":[{"taxonomy":"product_brand","embeddable":true,"href":"https:\/\/www.swissxpat.ch\/de\/wp-json\/wp\/v2\/product_brand?post=3816"},{"taxonomy":"product_cat","embeddable":true,"href":"https:\/\/www.swissxpat.ch\/de\/wp-json\/wp\/v2\/product_cat?post=3816"},{"taxonomy":"product_tag","embeddable":true,"href":"https:\/\/www.swissxpat.ch\/de\/wp-json\/wp\/v2\/product_tag?post=3816"}],"curies":[{"name":"wp","href":"https:\/\/api.w.org\/{rel}","templated":true}]}}